{"id":2449,"date":"2023-08-14T12:08:07","date_gmt":"2023-08-14T12:08:07","guid":{"rendered":"https:\/\/web-barrado.azurewebsites.net\/politique-de-confidentialite\/"},"modified":"2023-09-28T09:36:33","modified_gmt":"2023-09-28T09:36:33","slug":"politique-de-confidentialite","status":"publish","type":"page","link":"https:\/\/web-barrado.azurewebsites.net\/fr\/politique-de-confidentialite\/","title":{"rendered":"Politique de confidentialit\u00e9"},"content":{"rendered":"<div class=\"fusion-fullwidth fullwidth-box fusion-builder-row-1 fusion-flex-container has-pattern-background has-mask-background nonhundred-percent-fullwidth non-hundred-percent-height-scrolling\" style=\"--awb-border-radius-top-left:0px;--awb-border-radius-top-right:0px;--awb-border-radius-bottom-right:0px;--awb-border-radius-bottom-left:0px;--awb-margin-top:5%;--awb-margin-bottom:5%;--awb-flex-wrap:wrap;\" ><div class=\"fusion-builder-row fusion-row fusion-flex-align-items-flex-start fusion-flex-content-wrap\" style=\"max-width:1248px;margin-left: calc(-4% \/ 2 );margin-right: calc(-4% \/ 2 );\"><div class=\"fusion-layout-column fusion_builder_column fusion-builder-column-0 fusion_builder_column_1_1 1_1 fusion-flex-column\" style=\"--awb-bg-size:cover;--awb-width-large:100%;--awb-margin-top-large:0px;--awb-spacing-right-large:1.92%;--awb-margin-bottom-large:0px;--awb-spacing-left-large:1.92%;--awb-width-medium:100%;--awb-spacing-right-medium:1.92%;--awb-spacing-left-medium:1.92%;--awb-width-small:100%;--awb-spacing-right-small:1.92%;--awb-spacing-left-small:1.92%;\"><div class=\"fusion-column-wrapper fusion-flex-justify-content-flex-start fusion-content-layout-column\"><div class=\"fusion-title title fusion-title-1 fusion-sep-none fusion-title-text fusion-title-size-one\" style=\"--awb-margin-top-small:10px;--awb-margin-right-small:0px;--awb-margin-bottom-small:10px;--awb-margin-left-small:0px;\"><h1 class=\"fusion-title-heading title-heading-left awb-responsive-type__disable\" style=\"margin:0;\">Politique de confidentialit\u00e9<\/h1><\/div><div class=\"fusion-text fusion-text-1\"><p>BARRADO IMPORT-EXPORT SL, en conformit\u00e9 avec les dispositions de LO 15\/1999, du 13 d\u00e9cembre, sur la protection des donn\u00e9es personnelles, et ses r\u00e8gles de d\u00e9veloppement, (ci-apr\u00e8s LOPD), informe les utilisateurs de la page web www.barradopeluches.com, que toutes les donn\u00e9es personnelles qui y sont collect\u00e9es seront stock\u00e9es dans un fichier de donn\u00e9es personnelles appartenant \u00e0 BARRADO IMPORT-EXPORT SL afin de pouvoir fournir les services demand\u00e9s, ainsi que de vous tenir inform\u00e9, m\u00eame par voie \u00e9lectronique, des produits et services propos\u00e9s par www.barradopeluches.com. L&rsquo;ach\u00e8vement de toutes les donn\u00e9es demand\u00e9es via le site Web est n\u00e9cessaire pour obtenir une prestation optimale des services mis \u00e0 la disposition de l&rsquo;utilisateur. Si toutes les donn\u00e9es ne sont pas fournies, www.barradopeluches.com ne garantit pas que les informations et services fournis peuvent \u00eatre fournis, fournis correctement ou r\u00e9pondre aux besoins de l&rsquo;utilisateur.<\/p>\n<p>BARRADO IMPORT-EXPORT S.L. assure la confidentialit\u00e9 la plus stricte dans la collecte et le traitement des donn\u00e9es fournies par ses utilisateurs via Internet ou tout autre moyen.<\/p>\n<p>La collecte et le stockage des donn\u00e9es personnelles sont celles n\u00e9cessaires aux fins pour lesquelles elles sont collect\u00e9es. L&rsquo;utilisateur doit remplir les champs marqu\u00e9s d&rsquo;un * pour envoyer le formulaire compl\u00e9t\u00e9. L&rsquo;utilisateur sera seul responsable de la v\u00e9racit\u00e9, de l&rsquo;exactitude et de la mise \u00e0 jour des informations fournies. Notre site Web recueille des donn\u00e9es sous diverses formes et par courrier \u00e9lectronique. Les objectifs sont les suivants:<\/p>\n<p>&#8211; CONTACT: le but de la collecte de donn\u00e9es dans ce formulaire sera de r\u00e9soudre la question pos\u00e9e et \/ ou d&rsquo;envoyer les informations demand\u00e9es \u00e0 l&rsquo;utilisateur.<\/p>\n<p>&#8211; INSCRIPTION: Le but de la collecte de donn\u00e9es dans ce formulaire sera de vous inscrire sur notre site Web, afin que vous puissiez acc\u00e9der \u00e0 nos catalogues et tarifs.<\/p>\n<p>&#8211; ABONNEMENT AU BULLETIN: le but de la collecte de donn\u00e9es dans ce formulaire sera de vous inscrire \u00e0 notre newsletter. Avant d&rsquo;envoyer nos newsletters, l&rsquo;utilisateur devra activer le lien qu&rsquo;il recevra lors de son inscription, si l&rsquo;utilisateur n&rsquo;active pas le lien, l&rsquo;abonnement \u00e0 la newsletter ne sera pas effectif. L&rsquo;utilisateur peut \u00e9galement se d\u00e9sinscrire de la newsletter envoy\u00e9 un e-mail \u00e0 consultas@barradopeluches.com.<\/p>\n<p>L&rsquo;utilisateur lorsqu&rsquo;il remplit l&rsquo;un de nos formulaires ou contacte BARRADO IMPORT-EXPORT S.L. par e-mail autorise express\u00e9ment leur utilisation afin de vous envoyer par e-mail des informations sur les offres, promotions, produits de BARRADO IMPORT-EXPORT S.L. L&rsquo;utilisateur peut demander la cessation des envois publicitaires en envoyant un e-mail \u00e0 consultas@barradopeluches.com.<\/p>\n<p>BARRADO IMPORT-EXPORT SL, a mis en \u0153uvre toutes les mesures de s\u00e9curit\u00e9 requises par la RD 1720\/2007 et, le cas \u00e9ch\u00e9ant, la l\u00e9gislation en vigueur, afin de garantir une confidentialit\u00e9 absolue dans le stockage et le traitement des donn\u00e9es personnelles, ainsi que d&#8217;emp\u00eacher l&rsquo;acc\u00e8s par partie de tiers non autoris\u00e9s.<\/p>\n<p>L&rsquo;utilisateur peut exercer ses droits d&rsquo;acc\u00e8s, de modification, d&rsquo;annulation et d&rsquo;opposition au traitement de ses donn\u00e9es personnelles \u00e0 tout moment et gratuitement en envoyant un email \u00e0 l&rsquo;adresse consultas@barradopeluches.com, ou en envoyant une lettre \u00e0 l&rsquo;adresse suivante: Ctra De Torrelles, n\u00ba 44, 08620 de Sant Vicen\u00e7 dels Horts (Barcelone).<\/p>\n<\/div><\/div><\/div><\/div><\/div>\n","protected":false},"excerpt":{"rendered":"","protected":false},"author":1,"featured_media":0,"parent":0,"menu_order":0,"comment_status":"closed","ping_status":"closed","template":"100-width.php","meta":{"footnotes":""},"class_list":["post-2449","page","type-page","status-publish","hentry"],"yoast_head":"<!-- This site is optimized with the Yoast SEO plugin v27.2 - https:\/\/yoast.com\/product\/yoast-seo-wordpress\/ -->\n<title>Politique de confidentialit\u00e9 - Barrado<\/title>\n<meta name=\"robots\" content=\"index, follow, max-snippet:-1, max-image-preview:large, max-video-preview:-1\" \/>\n<link rel=\"canonical\" href=\"https:\/\/www.barradopeluches.com\/fr\/politique-de-confidentialite\/\" \/>\n<meta property=\"og:locale\" content=\"fr_FR\" \/>\n<meta property=\"og:type\" content=\"article\" \/>\n<meta property=\"og:title\" content=\"Politique de confidentialit\u00e9 - Barrado\" \/>\n<meta property=\"og:url\" content=\"https:\/\/www.barradopeluches.com\/fr\/politique-de-confidentialite\/\" \/>\n<meta property=\"og:site_name\" content=\"Barrado\" \/>\n<meta property=\"article:modified_time\" content=\"2023-09-28T09:36:33+00:00\" \/>\n<meta name=\"twitter:card\" content=\"summary_large_image\" \/>\n<meta name=\"twitter:label1\" content=\"Dur\u00e9e de lecture estim\u00e9e\" \/>\n\t<meta name=\"twitter:data1\" content=\"7 minutes\" \/>\n<script type=\"application\/ld+json\" class=\"yoast-schema-graph\">{\"@context\":\"https:\/\/schema.org\",\"@graph\":[{\"@type\":\"WebPage\",\"@id\":\"https:\/\/www.barradopeluches.com\/fr\/politique-de-confidentialite\/\",\"url\":\"https:\/\/www.barradopeluches.com\/fr\/politique-de-confidentialite\/\",\"name\":\"Politique de confidentialit\u00e9 - Barrado\",\"isPartOf\":{\"@id\":\"https:\/\/www.barradopeluches.com\/#website\"},\"datePublished\":\"2023-08-14T12:08:07+00:00\",\"dateModified\":\"2023-09-28T09:36:33+00:00\",\"breadcrumb\":{\"@id\":\"https:\/\/www.barradopeluches.com\/fr\/politique-de-confidentialite\/#breadcrumb\"},\"inLanguage\":\"fr-FR\",\"potentialAction\":[{\"@type\":\"ReadAction\",\"target\":[\"https:\/\/www.barradopeluches.com\/fr\/politique-de-confidentialite\/\"]}]},{\"@type\":\"BreadcrumbList\",\"@id\":\"https:\/\/www.barradopeluches.com\/fr\/politique-de-confidentialite\/#breadcrumb\",\"itemListElement\":[{\"@type\":\"ListItem\",\"position\":1,\"name\":\"Portada\",\"item\":\"https:\/\/www.barradopeluches.com\/fr\/\"},{\"@type\":\"ListItem\",\"position\":2,\"name\":\"Politique de confidentialit\u00e9\"}]},{\"@type\":\"WebSite\",\"@id\":\"https:\/\/www.barradopeluches.com\/#website\",\"url\":\"https:\/\/www.barradopeluches.com\/\",\"name\":\"Barrado\",\"description\":\"\",\"potentialAction\":[{\"@type\":\"SearchAction\",\"target\":{\"@type\":\"EntryPoint\",\"urlTemplate\":\"https:\/\/www.barradopeluches.com\/?s={search_term_string}\"},\"query-input\":{\"@type\":\"PropertyValueSpecification\",\"valueRequired\":true,\"valueName\":\"search_term_string\"}}],\"inLanguage\":\"fr-FR\"}]}<\/script>\n<!-- \/ Yoast SEO plugin. -->","yoast_head_json":{"title":"Politique de confidentialit\u00e9 - Barrado","robots":{"index":"index","follow":"follow","max-snippet":"max-snippet:-1","max-image-preview":"max-image-preview:large","max-video-preview":"max-video-preview:-1"},"canonical":"https:\/\/www.barradopeluches.com\/fr\/politique-de-confidentialite\/","og_locale":"fr_FR","og_type":"article","og_title":"Politique de confidentialit\u00e9 - Barrado","og_url":"https:\/\/www.barradopeluches.com\/fr\/politique-de-confidentialite\/","og_site_name":"Barrado","article_modified_time":"2023-09-28T09:36:33+00:00","twitter_card":"summary_large_image","twitter_misc":{"Dur\u00e9e de lecture estim\u00e9e":"7 minutes"},"schema":{"@context":"https:\/\/schema.org","@graph":[{"@type":"WebPage","@id":"https:\/\/www.barradopeluches.com\/fr\/politique-de-confidentialite\/","url":"https:\/\/www.barradopeluches.com\/fr\/politique-de-confidentialite\/","name":"Politique de confidentialit\u00e9 - Barrado","isPartOf":{"@id":"https:\/\/www.barradopeluches.com\/#website"},"datePublished":"2023-08-14T12:08:07+00:00","dateModified":"2023-09-28T09:36:33+00:00","breadcrumb":{"@id":"https:\/\/www.barradopeluches.com\/fr\/politique-de-confidentialite\/#breadcrumb"},"inLanguage":"fr-FR","potentialAction":[{"@type":"ReadAction","target":["https:\/\/www.barradopeluches.com\/fr\/politique-de-confidentialite\/"]}]},{"@type":"BreadcrumbList","@id":"https:\/\/www.barradopeluches.com\/fr\/politique-de-confidentialite\/#breadcrumb","itemListElement":[{"@type":"ListItem","position":1,"name":"Portada","item":"https:\/\/www.barradopeluches.com\/fr\/"},{"@type":"ListItem","position":2,"name":"Politique de confidentialit\u00e9"}]},{"@type":"WebSite","@id":"https:\/\/www.barradopeluches.com\/#website","url":"https:\/\/www.barradopeluches.com\/","name":"Barrado","description":"","potentialAction":[{"@type":"SearchAction","target":{"@type":"EntryPoint","urlTemplate":"https:\/\/www.barradopeluches.com\/?s={search_term_string}"},"query-input":{"@type":"PropertyValueSpecification","valueRequired":true,"valueName":"search_term_string"}}],"inLanguage":"fr-FR"}]}},"_links":{"self":[{"href":"https:\/\/web-barrado.azurewebsites.net\/fr\/wp-json\/wp\/v2\/pages\/2449","targetHints":{"allow":["GET"]}}],"collection":[{"href":"https:\/\/web-barrado.azurewebsites.net\/fr\/wp-json\/wp\/v2\/pages"}],"about":[{"href":"https:\/\/web-barrado.azurewebsites.net\/fr\/wp-json\/wp\/v2\/types\/page"}],"author":[{"embeddable":true,"href":"https:\/\/web-barrado.azurewebsites.net\/fr\/wp-json\/wp\/v2\/users\/1"}],"replies":[{"embeddable":true,"href":"https:\/\/web-barrado.azurewebsites.net\/fr\/wp-json\/wp\/v2\/comments?post=2449"}],"version-history":[{"count":1,"href":"https:\/\/web-barrado.azurewebsites.net\/fr\/wp-json\/wp\/v2\/pages\/2449\/revisions"}],"predecessor-version":[{"id":2664,"href":"https:\/\/web-barrado.azurewebsites.net\/fr\/wp-json\/wp\/v2\/pages\/2449\/revisions\/2664"}],"wp:attachment":[{"href":"https:\/\/web-barrado.azurewebsites.net\/fr\/wp-json\/wp\/v2\/media?parent=2449"}],"curies":[{"name":"wp","href":"https:\/\/api.w.org\/{rel}","templated":true}]}}